{"id":19,"date":"2025-12-05T15:43:15","date_gmt":"2025-12-05T15:43:15","guid":{"rendered":"https:\/\/www.assurez-votre-logement.fr\/?page_id=19"},"modified":"2026-02-04T13:07:30","modified_gmt":"2026-02-04T13:07:30","slug":"assurez-votre-logement-maison-ou-appartement-en-quelques-minutes","status":"publish","type":"page","link":"https:\/\/www.assurez-votre-logement.fr\/","title":{"rendered":"Assurez votre logement (maison ou appartement) en quelques minutes."},"content":{"rendered":"\n<div class=\"wp-block-buttons is-content-justification-center is-layout-flex wp-container-core-buttons-is-layout-a89b3969 wp-block-buttons-is-layout-flex\">\n<div class=\"wp-block-button\"><a class=\"wp-block-button__link has-white-color has-text-color has-link-color has-text-align-center wp-element-button\" href=\"tel:0971000899\"><strong>09 73 44 54 32<\/strong><\/a><\/div>\n<\/div>\n\n\n\n<p class=\"has-text-align-center\"><strong>du lundi au vendredi de 9h \u00e0 19h<\/strong><br><strong>(appel non surtax\u00e9).<\/strong><\/p>\n\n\n\n<figure class=\"wp-block-image aligncenter size-full\"><img loading=\"lazy\" decoding=\"async\" width=\"400\" height=\"142\" src=\"https:\/\/www.assurez-votre-logement.fr\/wp-content\/uploads\/2025\/12\/appartement-maison-habitation.jpg\" alt=\"\" class=\"wp-image-21\" srcset=\"https:\/\/www.assurez-votre-logement.fr\/wp-content\/uploads\/2025\/12\/appartement-maison-habitation.jpg 400w, https:\/\/www.assurez-votre-logement.fr\/wp-content\/uploads\/2025\/12\/appartement-maison-habitation-300x107.jpg 300w\" sizes=\"auto, (max-width: 400px) 100vw, 400px\" \/><\/figure>\n\n\n\n<p class=\"has-text-align-center\">Si vous emm\u00e9nagez prochainement ou si vous \u00eates \u00e0 la recherche d\u2019un assureur <strong>avantageux<\/strong>, nous vous accompagnons pas \u00e0 pas et <strong>assurons votre logement par t\u00e9l\u00e9phone<\/strong>.<\/p>\n\n\n\n<p class=\"has-text-align-center\">Souscrire une assurance habitation n\u2019a jamais \u00e9t\u00e9 aussi <strong>simple<\/strong>.<br>En <strong>quelques minutes<\/strong> seulement, vous comparez les offres et trouvez celle qui correspond \u00e0 vos besoins avec un conseiller <strong>expert au t\u00e9l\u00e9phone..<\/strong><br>Notre objectif : vous faire gagner du temps et r\u00e9duire vos factures.<\/p>\n\n\n\n<div class=\"wp-block-buttons is-content-justification-center is-layout-flex wp-container-core-buttons-is-layout-a89b3969 wp-block-buttons-is-layout-flex\">\n<div class=\"wp-block-button\"><a class=\"wp-block-button__link has-white-color has-text-color has-link-color has-text-align-center wp-element-button\" href=\"tel:0971000899\"><strong>09 73 44 54 32<\/strong><\/a><\/div>\n<\/div>\n\n\n\n<p class=\"has-text-align-center\"><strong>du lundi au vendredi de 9h \u00e0 19h<\/strong><br><strong>(appel non surtax\u00e9).<\/strong><\/p>\n\n\n\n<figure class=\"wp-block-image aligncenter size-full is-resized\"><img loading=\"lazy\" decoding=\"async\" width=\"458\" height=\"137\" src=\"https:\/\/www.assurez-votre-logement.fr\/wp-content\/uploads\/2025\/12\/assurance-habitation.jpg\" alt=\"\" class=\"wp-image-22\" style=\"width:328px;height:auto\" srcset=\"https:\/\/www.assurez-votre-logement.fr\/wp-content\/uploads\/2025\/12\/assurance-habitation.jpg 458w, https:\/\/www.assurez-votre-logement.fr\/wp-content\/uploads\/2025\/12\/assurance-habitation-300x90.jpg 300w\" sizes=\"auto, (max-width: 458px) 100vw, 458px\" \/><\/figure>\n\n\n\n<p class=\"has-text-align-center\"><\/p>\n\n\n\n<p><\/p>\n\n\n\n<figure class=\"wp-block-image aligncenter size-full is-resized\"><img loading=\"lazy\" decoding=\"async\" width=\"213\" height=\"247\" src=\"https:\/\/www.assurez-votre-logement.fr\/wp-content\/uploads\/2025\/12\/teleconseillere.jpg\" alt=\"\" class=\"wp-image-20\" style=\"width:223px;height:auto\"\/><\/figure>\n\n\n\n<p class=\"has-text-align-center has-vivid-cyan-blue-color has-text-color has-link-color has-medium-font-size wp-elements-79dc278a3a35989806e5118d9112cbca\"><strong>Souscrire ou changer de contrat d&rsquo;assurance habitation par t\u00e9l\u00e9phone :<\/strong><\/p>\n\n\n\n<p class=\"has-text-align-center\">Vous venez d\u2019emm\u00e9nager dans un nouveau logement ou vous souhaitez simplement souscrire une assurance habitation ? Vous \u00eates au bon endroit. Prendre une assurance habitation ou  comparer les offres disponibles peut para\u00eetre compliqu\u00e9, mais en r\u00e9alit\u00e9, les d\u00e9marches sont <strong>simples<\/strong>, <strong>rapides <\/strong>et <strong>sans frais<\/strong> lorsqu\u2019elles sont r\u00e9alis\u00e9es par t\u00e9l\u00e9phone.<\/p>\n\n\n\n<p class=\"has-text-align-center has-vivid-cyan-blue-color has-text-color has-link-color has-medium-font-size wp-elements-12527d184f39fff7c6a2f62dbaef7128\"><strong>Pourquoi faut-il souscrire une assurance habitation lors d&rsquo;un emm\u00e9nagement ?<\/strong><\/p>\n\n\n\n<p class=\"has-text-align-center has-medium-font-size\"><em><strong>Avoir une assurance habitation est une obligation exig\u00e9 par le bailleur.<\/strong><\/em><\/p>\n\n\n\n<p>Lorsque vous emm\u00e9nagez dans un nouveau logement en tant que locataire, le bailleur (propri\u00e9taire du logement) ou l&rsquo;agence immobili\u00e8re exigera que le logement soit assur\u00e9. <br>Si vous \u00eates propri\u00e9taire, nous vous recommandons tr\u00e8s fortement de souscrire une assurance habitation.<\/p>\n\n\n\n<h3 class=\"wp-block-heading has-text-align-center has-medium-font-size\"><strong><em>Une \u00e9tape presque incontournable et sans frais<\/em><\/strong><\/h3>\n\n\n\n<p class=\"has-text-align-center\">La mise en place d\u2019une assurance habitation est une d\u00e9marche gratuite aupr\u00e8s d\u2019un assureur qui vous engage ensuite a payer votre prime d&rsquo;assurance une fois par an ou tes les mois. <\/p>\n\n\n\n<h3 class=\"wp-block-heading has-text-align-center has-medium-font-size\"><strong><em>Gagner du temps avec la souscription par t\u00e9l\u00e9phone<\/em><\/strong><\/h3>\n\n\n\n<p class=\"has-text-align-center\">Souscrire par t\u00e9l\u00e9phone permet de <strong>gagner en rapidit\u00e9 et en simplicit\u00e9<\/strong> : vous \u00eates accompagn\u00e9 par un conseiller qui s\u2019occupe de tout, sans formulaire compliqu\u00e9 \u00e0 remplir. Le conseiller s&rsquo;occupe presque de tout pour vous.<\/p>\n\n\n\n<p class=\"has-text-align-center\"><\/p>\n\n\n\n<div class=\"wp-block-buttons is-content-justification-center is-layout-flex wp-container-core-buttons-is-layout-a89b3969 wp-block-buttons-is-layout-flex\">\n<div class=\"wp-block-button\"><a class=\"wp-block-button__link has-white-color has-text-color has-link-color has-text-align-center wp-element-button\" href=\"tel:0971000899\"><strong>09 73 44 54 32<\/strong><\/a><\/div>\n<\/div>\n\n\n\n<p class=\"has-text-align-center\"><strong>du lundi au vendredi de 9h \u00e0 19h<\/strong><br><strong>(appel non surtax\u00e9).<\/strong><\/p>\n\n\n\n<p class=\"has-text-align-center has-vivid-cyan-blue-color has-text-color has-link-color has-medium-font-size wp-elements-b0efb0a730582d936f5264bc9e6a50c2\"><strong>Changer de contrat d&rsquo;assurance haitation : pourquoi et quand le faire ?<\/strong><\/p>\n\n\n\n<p class=\"has-text-align-center has-medium-font-size\"><em><strong>Profiter d\u2019un meilleur tarif<\/strong><\/em><\/p>\n\n\n\n<p class=\"has-text-align-center\">Une assurance habitation peut repr\u00e9senter un certain prix. Changer de contrat vous permet de profiter d\u2019un prix plus attractif, d\u2019une offre plus adapt\u00e9e \u00e0 votre logement, ou encore de b\u00e9n\u00e9ficier d&rsquo;options int\u00e9ressantes au quotidien.<\/p>\n\n\n\n<p class=\"has-text-align-center has-vivid-cyan-blue-color has-text-color has-link-color has-medium-font-size wp-elements-f9fa8307df55130a8a32e624524dc2b0\"><strong>Les avantages de la souscription par t\u00e9l\u00e9phone<\/strong><\/p>\n\n\n\n<p class=\"has-text-align-center has-medium-font-size\"><strong><em>Avantage 1 : Rapidit\u00e9<\/em><\/strong><\/p>\n\n\n\n<p class=\"has-text-align-center\">En quelques minutes seulement, votre contrat est activ\u00e9.<\/p>\n\n\n\n<h3 class=\"wp-block-heading has-text-align-center has-medium-font-size\"><em>Avantage 2 : Accompagnement personnalis\u00e9<\/em><\/h3>\n\n\n\n<p class=\"has-text-align-center\">Un conseiller vous guide pas \u00e0 pas, r\u00e9pond \u00e0 vos questions et v\u00e9rifie que l\u2019offre choisie correspond bien \u00e0 vos besoins.<\/p>\n\n\n\n<h3 class=\"wp-block-heading has-text-align-center has-medium-font-size\"><em>Avantage 3 : Pas de frais<\/em><\/h3>\n\n\n\n<p class=\"has-text-align-center\">La souscription par t\u00e9l\u00e9phone est gratuite. <\/p>\n\n\n\n<h3 class=\"wp-block-heading has-text-align-center has-medium-font-size\"><em>Avantage 4 : Imm\u00e9diatet\u00e9<\/em><\/h3>\n\n\n\n<p class=\"has-text-align-center\">La d\u00e9marche est instantan\u00e9e : une fois votre appel termin\u00e9, votre contrat est valid\u00e9 et votre logement sera assur\u00e9 imm\u00e9diatement<\/p>\n\n\n\n<p class=\"has-text-align-center\"><strong>Quelles informations pr\u00e9parer avant d\u2019appeler ?<\/strong><\/p>\n\n\n\n<p class=\"has-text-align-center\">Pour faciliter la souscription par t\u00e9l\u00e9phone, nous vous recommandons de pr\u00e9parer les \u00e9l\u00e9ments suivants : l\u2019<strong>adresse compl\u00e8te du logement (et \u00e9tage si n\u00e9cessaire)<\/strong>, de conna\u00eetre le nombre de pi\u00e8ces et les particularit\u00e9s du logement, un <strong>RIB <\/strong>si vous souhaitez opter pour le pr\u00e9l\u00e8vement automatique,.<\/p>\n\n\n\n<p class=\"has-text-align-center has-vivid-cyan-blue-color has-text-color has-link-color has-medium-font-size wp-elements-b644a089f76af984d56c5473122efe50\"><strong>Comment se d\u00e9roule l\u2019activation du contrat ?<\/strong><\/p>\n\n\n\n<p class=\"has-text-align-center\">Vous appelez notre conseiller d\u00e9di\u00e9 \u00e0 la souscription.<br>Vous comparez rapidement les offres disponibles en fonction de votre besoin.<br>Vous choisissez le contrat le plus adapt\u00e9.<br>Votre souscription est valid\u00e9e imm\u00e9diatement.<\/p>\n\n\n\n<div class=\"wp-block-buttons is-content-justification-center is-layout-flex wp-container-core-buttons-is-layout-a89b3969 wp-block-buttons-is-layout-flex\">\n<div class=\"wp-block-button\"><a class=\"wp-block-button__link has-white-color has-text-color has-link-color has-text-align-center wp-element-button\" href=\"tel:0971000899\"><strong>09 73 44 54 32<\/strong><\/a><\/div>\n<\/div>\n\n\n\n<p class=\"has-text-align-center\"><strong>du lundi au vendredi de 9h \u00e0 19h<\/strong><br><strong>(appel non surtax\u00e9).<\/strong><\/p>\n\n\n\n<p class=\"has-text-align-center has-vivid-cyan-blue-color has-text-color has-link-color has-medium-font-size wp-elements-86c8e8a8d02a8d29eccaf2417d3e401f\"><\/p>\n\n\n\n<p><\/p>\n","protected":false},"excerpt":{"rendered":"<p>du lundi au vendredi de 9h \u00e0 19h(appel non surtax\u00e9). Si vous emm\u00e9nagez prochainement ou si vous \u00eates \u00e0 la recherche d\u2019un assureur avantageux, nous vous accompagnons pas \u00e0 pas et assurons votre logement par t\u00e9l\u00e9phone. Souscrire une assurance habitation n\u2019a jamais \u00e9t\u00e9 aussi simple.En quelques minutes seulement, vous comparez les offres et trouvez celle [&hellip;]<\/p>\n","protected":false},"author":1,"featured_media":0,"parent":0,"menu_order":0,"comment_status":"closed","ping_status":"closed","template":"","meta":{"footnotes":""},"class_list":["post-19","page","type-page","status-publish","hentry"],"_links":{"self":[{"href":"https:\/\/www.assurez-votre-logement.fr\/index.php\/wp-json\/wp\/v2\/pages\/19","targetHints":{"allow":["GET"]}}],"collection":[{"href":"https:\/\/www.assurez-votre-logement.fr\/index.php\/wp-json\/wp\/v2\/pages"}],"about":[{"href":"https:\/\/www.assurez-votre-logement.fr\/index.php\/wp-json\/wp\/v2\/types\/page"}],"author":[{"embeddable":true,"href":"https:\/\/www.assurez-votre-logement.fr\/index.php\/wp-json\/wp\/v2\/users\/1"}],"replies":[{"embeddable":true,"href":"https:\/\/www.assurez-votre-logement.fr\/index.php\/wp-json\/wp\/v2\/comments?post=19"}],"version-history":[{"count":5,"href":"https:\/\/www.assurez-votre-logement.fr\/index.php\/wp-json\/wp\/v2\/pages\/19\/revisions"}],"predecessor-version":[{"id":40,"href":"https:\/\/www.assurez-votre-logement.fr\/index.php\/wp-json\/wp\/v2\/pages\/19\/revisions\/40"}],"wp:attachment":[{"href":"https:\/\/www.assurez-votre-logement.fr\/index.php\/wp-json\/wp\/v2\/media?parent=19"}],"curies":[{"name":"wp","href":"https:\/\/api.w.org\/{rel}","templated":true}]}}