{"id":26,"date":"2025-12-05T15:56:41","date_gmt":"2025-12-05T15:56:41","guid":{"rendered":"https:\/\/www.assurez-votre-logement.fr\/?page_id=26"},"modified":"2025-12-05T15:56:41","modified_gmt":"2025-12-05T15:56:41","slug":"mentions-legales","status":"publish","type":"page","link":"https:\/\/www.assurez-votre-logement.fr\/index.php\/mentions-legales\/","title":{"rendered":"Mentions l\u00e9gales"},"content":{"rendered":"\n<p><\/p>\n\n\n\n<p>Le site Assurez-votre-logement.fr est \u00e9dit\u00e9 par la soci\u00e9t\u00e9 Hirondelle Connect.<br><br>Hirondelle Connect est une soci\u00e9t\u00e9 par Actions Simplifi\u00e9e au capital de 1000,00 \u20ac<br>Siret : 991 088 568<\/p>\n\n\n\n<p>Soci\u00e9t\u00e9 immatricul\u00e9e au RCS de Paris sous le num\u00e9ro 991 088 568.<\/p>\n\n\n\n<p>Adresse : 1 rue de Stockholm \u2013 75 008 PARIS<\/p>\n\n\n\n<p>Responsable de la publication : Fr\u00e9d\u00e9ric GIBOURDEL<\/p>\n\n\n\n<p>Site h\u00e9berg\u00e9 par OVH<\/p>\n\n\n\n<p><\/p>\n","protected":false},"excerpt":{"rendered":"<p>Le site Assurez-votre-logement.fr est \u00e9dit\u00e9 par la soci\u00e9t\u00e9 Hirondelle Connect. Hirondelle Connect est une soci\u00e9t\u00e9 par Actions Simplifi\u00e9e au capital de 1000,00 \u20acSiret : 991 088 568 Soci\u00e9t\u00e9 immatricul\u00e9e au RCS de Paris sous le num\u00e9ro 991 088 568. Adresse : 1 rue de Stockholm \u2013 75 008 PARIS Responsable de la publication : Fr\u00e9d\u00e9ric [&hellip;]<\/p>\n","protected":false},"author":1,"featured_media":0,"parent":0,"menu_order":0,"comment_status":"closed","ping_status":"closed","template":"","meta":{"footnotes":""},"class_list":["post-26","page","type-page","status-publish","hentry"],"_links":{"self":[{"href":"https:\/\/www.assurez-votre-logement.fr\/index.php\/wp-json\/wp\/v2\/pages\/26","targetHints":{"allow":["GET"]}}],"collection":[{"href":"https:\/\/www.assurez-votre-logement.fr\/index.php\/wp-json\/wp\/v2\/pages"}],"about":[{"href":"https:\/\/www.assurez-votre-logement.fr\/index.php\/wp-json\/wp\/v2\/types\/page"}],"author":[{"embeddable":true,"href":"https:\/\/www.assurez-votre-logement.fr\/index.php\/wp-json\/wp\/v2\/users\/1"}],"replies":[{"embeddable":true,"href":"https:\/\/www.assurez-votre-logement.fr\/index.php\/wp-json\/wp\/v2\/comments?post=26"}],"version-history":[{"count":1,"href":"https:\/\/www.assurez-votre-logement.fr\/index.php\/wp-json\/wp\/v2\/pages\/26\/revisions"}],"predecessor-version":[{"id":27,"href":"https:\/\/www.assurez-votre-logement.fr\/index.php\/wp-json\/wp\/v2\/pages\/26\/revisions\/27"}],"wp:attachment":[{"href":"https:\/\/www.assurez-votre-logement.fr\/index.php\/wp-json\/wp\/v2\/media?parent=26"}],"curies":[{"name":"wp","href":"https:\/\/api.w.org\/{rel}","templated":true}]}}