{"id":43,"date":"2026-02-19T14:11:09","date_gmt":"2026-02-19T14:11:09","guid":{"rendered":"https:\/\/www.assurez-votre-logement.fr\/?page_id=43"},"modified":"2026-02-21T09:10:33","modified_gmt":"2026-02-21T09:10:33","slug":"conformite-reglementaire","status":"publish","type":"page","link":"https:\/\/www.assurez-votre-logement.fr\/index.php\/conformite-reglementaire\/","title":{"rendered":"Conformit\u00e9 r\u00e9glementaire"},"content":{"rendered":"\n<p>Partenaires r\u00e9glement\u00e9s et conformit\u00e9<\/p>\n\n\n\n<h3 class=\"wp-block-heading\">Notre r\u00f4le<\/h3>\n\n\n\n<p>Notre soci\u00e9t\u00e9 fournit des services de marketing et de g\u00e9n\u00e9ration d\u2019appels pour le compte de partenaires op\u00e9rant dans le secteur de l\u2019assurance.<\/p>\n\n\n\n<p>Nous ne fournissons aucun conseil en assurance, ne proc\u00e9dons \u00e0 aucune souscription et ne collectons aucun fonds.<br>Notre r\u00f4le se limite strictement \u00e0 l\u2019identification de consommateurs int\u00e9ress\u00e9s et \u00e0 leur mise en relation avec des interm\u00e9diaires ou assureurs r\u00e9glement\u00e9s.<\/p>\n\n\n\n<hr class=\"wp-block-separator has-alpha-channel-opacity\"\/>\n\n\n\n<h3 class=\"wp-block-heading\">Traitement des appels<\/h3>\n\n\n\n<p>Les appels g\u00e9n\u00e9r\u00e9s par notre service sont pris en charge par un centre d\u2019appels ind\u00e9pendant enregistr\u00e9 aupr\u00e8s du registre officiel des interm\u00e9diaires en assurance.<\/p>\n\n\n\n<p>Centre d\u2019appels partenaire du moment : BEKAL FRANCE Immatricul\u00e9 aupr\u00e8s de l\u2019ORIAS sous le num\u00e9ro 22006380 (adresse : 6 L&rsquo;Hermitage, 35780 La Richardais &#8211; FRANCE) &#8211; Registre officiel :\u00a0<a href=\"https:\/\/www.orias.fr\/\" target=\"_blank\" rel=\"noreferrer noopener\">https:\/\/www.orias.fr<\/a><\/p>\n\n\n\n<p>Ce centre d\u2019appels est habilit\u00e9 \u00e0 pr\u00e9senter, proposer ou aider \u00e0 conclure des contrats d\u2019assurance conform\u00e9ment \u00e0 la r\u00e9glementation en vigueur.<\/p>\n\n\n\n<h3 class=\"wp-block-heading\">Assureurs et marques partenaires<\/h3>\n\n\n\n<p>Les contrats d\u2019assurance \u00e9ventuellement propos\u00e9s sont distribu\u00e9s par des acteurs r\u00e9glement\u00e9s tels que Lovys, Leocare, Meteor<\/p>\n\n\n\n<p>Chaque assureur ou distributeur est soumis \u00e0 la r\u00e9glementation applicable en France ou dans l\u2019Union europ\u00e9enne.<\/p>\n\n\n\n<hr class=\"wp-block-separator has-alpha-channel-opacity\"\/>\n\n\n\n<h3 class=\"wp-block-heading\">Utilisation des mots-cl\u00e9s li\u00e9s \u00e0 l\u2019assurance<\/h3>\n\n\n\n<p>Nous utilisons des mots-cl\u00e9s relatifs aux services d\u2019assurance afin d\u2019identifier des consommateurs recherchant activement des solutions d\u2019assurance.<br>Toute relation contractuelle est ensuite \u00e9tablie exclusivement avec des entit\u00e9s r\u00e9glement\u00e9es<\/p>\n\n\n\n<p><\/p>\n","protected":false},"excerpt":{"rendered":"<p>Partenaires r\u00e9glement\u00e9s et conformit\u00e9 Notre r\u00f4le Notre soci\u00e9t\u00e9 fournit des services de marketing et de g\u00e9n\u00e9ration d\u2019appels pour le compte de partenaires op\u00e9rant dans le secteur de l\u2019assurance. Nous ne fournissons aucun conseil en assurance, ne proc\u00e9dons \u00e0 aucune souscription et ne collectons aucun fonds.Notre r\u00f4le se limite strictement \u00e0 l\u2019identification de consommateurs int\u00e9ress\u00e9s et [&hellip;]<\/p>\n","protected":false},"author":1,"featured_media":0,"parent":0,"menu_order":0,"comment_status":"closed","ping_status":"closed","template":"","meta":{"footnotes":""},"class_list":["post-43","page","type-page","status-publish","hentry"],"_links":{"self":[{"href":"https:\/\/www.assurez-votre-logement.fr\/index.php\/wp-json\/wp\/v2\/pages\/43","targetHints":{"allow":["GET"]}}],"collection":[{"href":"https:\/\/www.assurez-votre-logement.fr\/index.php\/wp-json\/wp\/v2\/pages"}],"about":[{"href":"https:\/\/www.assurez-votre-logement.fr\/index.php\/wp-json\/wp\/v2\/types\/page"}],"author":[{"embeddable":true,"href":"https:\/\/www.assurez-votre-logement.fr\/index.php\/wp-json\/wp\/v2\/users\/1"}],"replies":[{"embeddable":true,"href":"https:\/\/www.assurez-votre-logement.fr\/index.php\/wp-json\/wp\/v2\/comments?post=43"}],"version-history":[{"count":7,"href":"https:\/\/www.assurez-votre-logement.fr\/index.php\/wp-json\/wp\/v2\/pages\/43\/revisions"}],"predecessor-version":[{"id":58,"href":"https:\/\/www.assurez-votre-logement.fr\/index.php\/wp-json\/wp\/v2\/pages\/43\/revisions\/58"}],"wp:attachment":[{"href":"https:\/\/www.assurez-votre-logement.fr\/index.php\/wp-json\/wp\/v2\/media?parent=43"}],"curies":[{"name":"wp","href":"https:\/\/api.w.org\/{rel}","templated":true}]}}